{"id":656,"date":"2021-11-19T21:41:54","date_gmt":"2021-11-19T20:41:54","guid":{"rendered":"https:\/\/www.kendicaffe.com\/?post_type=product&#038;p=656"},"modified":"2026-03-21T17:04:03","modified_gmt":"2026-03-21T16:04:03","slug":"miscela-speciale-moderno-in-cialde","status":"publish","type":"product","link":"https:\/\/kendicaffe.com\/?product=miscela-speciale-moderno-in-cialde","title":{"rendered":"miscela speciale MODERNO in cialde"},"content":{"rendered":"<p>La <strong>miscela di caff\u00e8 speciale moderno<\/strong> \u00e8 disponibile anche in comode cialde e capsule, perfette per un caff\u00e8 veloce e di alta qualit\u00e0 a casa o in ufficio. La selezione dei migliori chicchi di caff\u00e8 vietnamiti, indiani, ugandesi e brasiliani viene macinata con cura e confezionata in cialde e capsule, conservando cos\u00ec l&#8217;intensit\u00e0 e l&#8217;aroma della miscela.<\/p>\n<p>Le cialde e le capsule di questa miscela di caff\u00e8 speciale moderno offrono un&#8217;esperienza di gusto unica e intensa, con note di cioccolato e caramello, dolcezza speziata di cardamomo e cannella, gusto fruttato e floreale di frutti di bosco e fiori bianchi, e una dolcezza cremosa con retrogusto di cioccolato e nocciole. La praticit\u00e0 delle cialde e capsule la rendono adatta a soddisfare le esigenze di chi cerca un caff\u00e8 di alta qualit\u00e0 ma senza rinunciare alla comodit\u00e0.<\/p>\n","protected":false},"excerpt":{"rendered":"<p>Confezione da 100 pz.<\/p>\n","protected":false},"featured_media":2106,"comment_status":"open","ping_status":"closed","template":"","meta":{"_et_pb_use_builder":"","_et_pb_old_content":"","_et_gb_content_width":""},"product_brand":[],"product_cat":[59],"product_tag":[],"class_list":{"0":"post-656","1":"product","2":"type-product","3":"status-publish","4":"has-post-thumbnail","6":"product_cat-cialde-capsule","8":"first","9":"outofstock","10":"sale","11":"taxable","12":"shipping-taxable","13":"purchasable","14":"product-type-simple"},"jetpack_sharing_enabled":true,"_links":{"self":[{"href":"https:\/\/kendicaffe.com\/index.php?rest_route=\/wp\/v2\/product\/656","targetHints":{"allow":["GET"]}}],"collection":[{"href":"https:\/\/kendicaffe.com\/index.php?rest_route=\/wp\/v2\/product"}],"about":[{"href":"https:\/\/kendicaffe.com\/index.php?rest_route=\/wp\/v2\/types\/product"}],"replies":[{"embeddable":true,"href":"https:\/\/kendicaffe.com\/index.php?rest_route=%2Fwp%2Fv2%2Fcomments&post=656"}],"wp:featuredmedia":[{"embeddable":true,"href":"https:\/\/kendicaffe.com\/index.php?rest_route=\/wp\/v2\/media\/2106"}],"wp:attachment":[{"href":"https:\/\/kendicaffe.com\/index.php?rest_route=%2Fwp%2Fv2%2Fmedia&parent=656"}],"wp:term":[{"taxonomy":"product_brand","embeddable":true,"href":"https:\/\/kendicaffe.com\/index.php?rest_route=%2Fwp%2Fv2%2Fproduct_brand&post=656"},{"taxonomy":"product_cat","embeddable":true,"href":"https:\/\/kendicaffe.com\/index.php?rest_route=%2Fwp%2Fv2%2Fproduct_cat&post=656"},{"taxonomy":"product_tag","embeddable":true,"href":"https:\/\/kendicaffe.com\/index.php?rest_route=%2Fwp%2Fv2%2Fproduct_tag&post=656"}],"curies":[{"name":"wp","href":"https:\/\/api.w.org\/{rel}","templated":true}]}}