{"id":2156,"date":"2026-04-29T20:21:09","date_gmt":"2026-04-29T18:21:09","guid":{"rendered":"https:\/\/kendicaffe.com\/?page_id=2156"},"modified":"2026-04-29T20:21:09","modified_gmt":"2026-04-29T18:21:09","slug":"privacy-statement-eu","status":"publish","type":"page","link":"https:\/\/kendicaffe.com\/?page_id=2156&lang=en","title":{"rendered":"Privacy Statement (EU)"},"content":{"rendered":"\n<!-- Legal document generated by Complianz | GDPR\/CCPA Cookie Consent https:\/\/wordpress.org\/plugins\/complianz-gdpr -->\n<div id=\"cmplz-document\" class=\"cmplz-document privacy-statement cmplz-document-eu\"><p><i>Questa dichiarazione sulla privacy \u00e8 stata aggiornata l'ultima volta il 29 Aprile 2026 e si applica ai cittadini e ai residenti permanenti legali dello Spazio Economico Europeo e della Svizzera.<\/i><br \/><br \/><\/p><p><p>In questa dichiarazione sulla privacy, spieghiamo cosa facciamo con i tuoi dati che otteniamo attraverso <a href=\"https:\/\/kendicaffe.com\">https:\/\/kendicaffe.com<\/a>. Ti consigliamo di leggere attentamente la dichiarazione. Durante l'elaborazione rispettiamo i requisiti della legislazione sulla privacy. Ci\u00f2 significa, tra le altre cose, che:<\/p><ul>\n                <li>comunichiamo chiaramente il motivo per il quale processiamo dati personali. Facciamo questo per mezzo di questa dichiarazione sulla privacy;<\/li>\n                <li>miriamo a limitare la raccolta di dati personali solo ai dati personali richiesti per scopi legittimi;<\/li>\n                <li>prima chiediamo il tuo esplicito consenso per processare i tuoi dati personali nei casi che richiedono il tuo consenso;<\/li>\n                <li>adottiamo misure di sicurezza appropriate per proteggere i tuoi dati personali e lo richiediamo anche da parti che elaborano dati personali per nostro conto;<\/li>\n                <li>rispettiamo il tuo diritto di accesso ai tuoi dati personali o di averli corretti o cancellati, su tua richiesta.<\/li>\n            <\/ul><p>Se hai domande o vuoi sapere esattamente quali dati conserviamo, contattaci.<\/p><\/p><h2>1. Scopo, dati e periodo di conservazione<\/h2>Possiamo raccogliere o ricevere informazioni personali per una serie di scopi legati alle nostre operazioni commerciali che possono includere quanto segue: (clicca per espandere)<details class=\"cmplz-dropdown dropdown-privacy-statement\"><summary><div><h3>1.1 Contatto - Tramite telefono, posta, email e\/o moduli web<\/h3><\/div><\/summary><p class=\"cmplz-subtitle\">Per questo scopo usiamo i seguenti dati:<\/p><p><ul><li>Un nome e cognome<\/li><li>Un indirizzo email<\/li><\/ul><\/p><p class=\"cmplz-subtitle\">La base con la quale processiamo i dati \u00e8:<\/p><p><a target=\"_blank\" rel=\"noopener noreferrer nofollow\" href=\"https:\/\/cookiedatabase.org\/legal-bases\/#obligation\">Per il rispetto di un obbligo legale o regolamentare.<\/a><\/p><p class=\"cmplz-subtitle\">Periodo di conservazione<\/p><p>Conserviamo questi dati fino al termine del servizio.<\/p><\/details><details class=\"cmplz-dropdown dropdown-privacy-statement\"><summary><div><h3>1.2 Per supportare servizi o prodotti che un cliente vogliono o hanno comprato<\/h3><\/div><\/summary><p class=\"cmplz-subtitle\">Per questo scopo usiamo i seguenti dati:<\/p><p><ul><li>Un nome e cognome<\/li><li>Un indirizzo email<\/li><li>Una casa oppure un differente indirizzo fisico, incluso nome della via e citt\u00e0<\/li><li>Un numero di telefono<\/li><\/ul><\/p><p class=\"cmplz-subtitle\">La base con la quale processiamo i dati \u00e8:<\/p><p><a target=\"_blank\" rel=\"noopener noreferrer nofollow\" href=\"https:\/\/cookiedatabase.org\/legal-bases\/#obligation\">Per il rispetto di un obbligo legale o regolamentare.<\/a><\/p><p class=\"cmplz-subtitle\">Periodo di conservazione<\/p><p>Conserviamo questi dati fino al termine del servizio.<\/p><\/details><details class=\"cmplz-dropdown dropdown-privacy-statement\"><summary><div><h3>1.3 Compilazione ed analisi di statistiche per migliore il sito.<\/h3><\/div><\/summary><p class=\"cmplz-subtitle\">Per questo scopo usiamo i seguenti dati:<\/p><p><ul><li>Un nome e cognome<\/li><li>Una casa oppure un differente indirizzo fisico, incluso nome della via e citt\u00e0<\/li><li>Un indirizzo email<\/li><li>Un numero di telefono<\/li><\/ul><\/p><p class=\"cmplz-subtitle\">La base con la quale processiamo i dati \u00e8:<\/p><p><a target=\"_blank\" rel=\"noopener noreferrer nofollow\" href=\"https:\/\/cookiedatabase.org\/legal-bases\/#obligation\">Per il rispetto di un obbligo legale o regolamentare.<\/a><\/p><p class=\"cmplz-subtitle\">Periodo di conservazione<\/p><p>Conserviamo questi dati fino al termine del servizio.<\/p><\/details><h2>2. Cookie<\/h2><p>Il nostro sito web usa cookie. Per ulteriori informazioni riguardo i cookie, per favore fai riferimento alla nostra <a href=\"https:\/\/kendicaffe.com\/?page_id=1924&amp;lang=en\">Cookie Policy<\/a>.&nbsp;<\/p><h2>3. Pratiche di divulgazione<\/h2><p><p>Comunichiamo informazioni personali se ci viene richiesto dalla legge o da un ordine del tribunale, in risposta a un'autorit\u00e0 incaricata dell'applicazione della legge, nella misura consentita da altre disposizioni di legge, per fornire informazioni o per un'indagine su una questione relativa alla sicurezza pubblica.<\/p><p>Se il nostro sito Web o organizzazione viene rilevato, venduto o coinvolto in una fusione o acquisizione, i tuoi dati potrebbero essere divulgati ai nostri consulenti e a eventuali potenziali acquirenti e saranno trasmessi ai nuovi proprietari.<\/p><\/p><p>L'inclusione di indirizzi IP interi \u00e8 bloccato da noi.<\/p><h2>4. Sicurezza<\/h2><p>Ci impegniamo per la sicurezza dei dati personali. Prendiamo adeguate misure di sicurezza per limitare l'abuso e l'accesso non autorizzato ai dati personali. Ci\u00f2 garantisce che solo le persone necessarie abbiano accesso ai tuoi dati, che l'accesso ai dati sia protetto e che le nostre misure di sicurezza vengano regolarmente riviste.<\/p><h2>5. Siti web di terze parti<\/h2><p>Questa dichiarazione sulla privacy non si applica ai siti web di terzi collegati tramite link sul nostro sito web. Non possiamo garantire che queste terze parti gestiscano i vostri dati personali in modo affidabile e sicuro. Vi consigliamo di leggere le dichiarazioni sulla privacy di questi siti web prima di utilizzarli.<\/p><h2>6. Ammende riguardo questa dichiarazione della privacy<\/h2><p>Ci riserviamo il diritto di apportare modifiche alla presente dichiarazione sulla privacy. Si raccomanda di consultare regolarmente questa dichiarazione sulla privacy per essere a conoscenza di eventuali modifiche. Inoltre, ti informeremo attivamente laddove possibile.<\/p><h2>7. Accesso e modifica dei tuoi dati<\/h2><p>Se hai domande o vuoi sapere esattamente quali tuoi dati sono in nostro possesso, contattaci. Potrai contattarci usando le informazioni presenti qui sotto. Hai i seguenti diritti:<\/p><ul>\n                <li>Hai il diritto di sapere quando i tuoi dati personali sono necessari, cosa succede ad essi, quanto a lungo verranno mantenuti.<\/li>\n                <li>Diritto di accesso: hai il diritto ad accedere ai tuoi dati personali dei quali siamo a conoscenza.<\/li>\n                <li>Diritto di rettifica: hai il diritto di completare, correggere, cancellare o bloccare i tuoi dati personali quando lo desideri.<\/li>\n                <li>Se hai domande o problemi relativi al accessibilit\u00e0 del sito web, per favore non esitare a contattarci.<\/li>\n                <li>Diritto di trasferire i tuoi dati: hai il diritto di richiedere tutti i tuoi dati dal controllore e trasferirli tutti quanti ad un altro controllore.<\/li>\n                <li>Diritto di obiezione: hai il diritto di obiezione verso il processo dei tuoi dati. Noi rispetteremo questa scelta, a meno che non ci siano delle basi valide per il processo.<\/li>\n            <\/ul><p>Assicurati di segnalare sempre in modo chiaro chi sei, cos\u00ec da essere certi di non cancellare o modificare i dati di un una persona sbagliata.<\/p><h2>8. Invio di un reclamo<\/h2><p>Se non sei soddisfatto di come gestiamo (una lamentela su) il processo dei tuoi dati personali, hai il diritto di spedire un reclamo al Garante per la protezione dei dati personali.<\/p><h2>9. Dettagli contatti<\/h2><p>KENDI Caff\u00e8<br \/>\n        MILANO ROASTEREY SRL<br \/>\n<br \/>\nVia Enrico Mattei 46<br \/>\n27020 Marcignago (PV) <br \/>\nItaly<br \/>\n        Italia<br \/>\n        Sito web: <a href=\"https:\/\/kendicaffe.com\">https:\/\/kendicaffe.com<\/a> <br \/>\n        Email: <span class=\"cmplz-obfuscate\">&#105;&#110;&#102;o@<span class=\"cmplz-fmail-domain\">&#101;x.&#099;o&#109;<\/span>k&#101;n&#100;&#105;ca&#102;&#102;e&#046;&#099;&#111;&#109;<\/span> <br \/>\n        Numero di telefono: +39 331 2295342<\/p><h2>Annesso<\/h2><p><h2>WPML<\/h2><p>WPML utilizza i cookie per identificare la lingua corrente del visitatore, l'ultima lingua visitata e la lingua degli utenti che hanno effettuato l'accesso.<\/p><p>Mentre utilizzi il plugin, WPML condivider\u00e0 i dati relativi al sito tramite Installer. Nessun dato dell'utente stesso verr\u00e0 condiviso.<\/p><h2>WooCommerce<\/h2><p>Questo linguaggio campione include gli elementi di base su raccolta dei dati personali, la memorizzazione e la condivisione, nonch\u00e9 su chi \u00e8 autorizzato ad accedere a tali dati. In base alle impostazioni abilitate e ai plugin aggiuntivi utilizzati, le informazioni specifiche condivise dal nostro negozio possono variare. Ti consigliamo di consultare un legale al momento di decidere quali informazioni divulgare sulla tua informativa sulla privacy.<\/p><p>Durante la procedura di pagamento nel nostro negozio raccogliamo informazioni su di te.<\/p><h2>Cosa raccogliamo e salviamo<\/h2><p>Mentre visiti il nostro sito, tracciamo:<\/p><ul><li>I prodotti che hai visualizzato: useremo queste informazioni per, ad esempio, mostrarti i prodotti che hai visualizzato di recente<\/li><li>Posizione, indirizzo IP e tipo di browser: useremo queste informazioni per una stima di imposte e spedizione<\/li><li>Indirizzo di spedizione: ti chiederemo di inserirlo per, ad esempio, stimare la spedizione prima che tu effettui l\u2019ordine e per inviarti quanto acquistato!<\/li><\/ul><p>Useremo i cookie anche per tenere traccia del contenuto del carrello mentre stai navigando sul nostro sito.<\/p><p>Nota: per ulteriori dettagli sulla informativa sui cookie, da qui verrai collegato alla sezione.<\/p><p>Quando effettui un acquisto presso di noi, ti invitiamo a fornire informazioni quali nome, indirizzo di fatturazione, indirizzo di spedizione, indirizzo email, numero di telefono, numero di carta di credito\/dettagli del pagamento e informazioni opzionali sull\u2019account, come il nome utente e la password. Useremo queste informazioni per scopi quali:<\/p><ul><li>Ti inviamo informazioni sull\u2019account e sull\u2019ordine<\/li><li>Rispondiamo alle tue richieste, inclusi reclami e rimborsi<\/li><li>Elaborazione dei pagamenti e prevenzione delle frodi<\/li><li>Configura il tuo account per il nostro negozio<\/li><li>Rispetta tutti gli obblighi legali a nostro carico, come il calcolo delle imposte<\/li><li>Migliora le offerte del nostro negozio<\/li><li>Invio di messaggi di marketing, se scegli di riceverli<\/li><\/ul><p>Se crei un account, archivieremo il tuo nome, indirizzo, email e numero di telefono: questi dati verranno poi usati per popolare la cassa nei tuoi ordini futuri.<\/p><p>In generale conserviamo le tue informazioni finch\u00e9 ne abbiamo bisogno per le finalit\u00e0 per le quali raccogliamo e utilizziamo i dati e finch\u00e9 siamo legalmente tenuti a continuare a mantenerli. Ad esempio, archiviamo le informazioni sull\u2019ordine per XXX anni per ragioni fiscali e di contabilit\u00e0. Tali informazioni includono nome, indirizzo email e indirizzi di fatturazione e spedizione.<\/p><p>Archiviamo anche commenti e recensioni, se scegli di lasciarceli.<\/p><h2>Persone del nostro team che hanno accesso<\/h2><p>I membri del nostro team hanno accesso alle informazioni che ci fornisci. Per esempio, sia gli amministratori che gli shop manager possono accedere a:<\/p><ul><li>Informazioni sull\u2019ordine quali, oggetto acquistato, data di acquisto e luogo di spedizione e<\/li><li>Informazioni sul cliente come il tuo nome, indirizzo email e informazioni di fatturazione e spedizione.<\/li><\/ul><p>I membri del nostro team hanno accesso a queste informazioni per aiutare a soddisfare gli ordini, elaborare i rimborsi e supportarti.<\/p><h2>Cosa condividiamo con gli altri<\/h2><p>In questa sezione devi elencare con chi condividi i dati e a quale scopo. Potrebbero includere, ma non limitarsi a questo, analisi, marketing, gateway di pagamento, fornitori di spedizioni e incorporazioni di terze parti.<\/p><p>Condividiamo le informazioni con terze parti che ci aiutano a fornire servizi del negozio e per gli ordini; ad esempio --<\/p><h3>Pagamenti<\/h3><p>In questa sezione secondaria, devi elencare i processori di pagamento di terze parti che utilizzi per i pagamenti sul tuo negozio poich\u00e9 questi potrebbero gestire i dati dei clienti. Abbiamo incluso PayPal come esempio, ma se non usi PayPal puoi rimuoverlo.<\/p><p>Accettiamo pagamenti tramite PayPal. Durante l'elaborazione dei pagamenti, alcuni dati vengono trasferiti a PayPal, incluse le informazioni necessarie per elaborare o supportare il pagamento, come il totale degli acquisti e i dati di fatturazione.<\/p><p>Per ulteriori dettagli, consulta la <a href=\"https:\/\/www.paypal.com\/us\/webapps\/mpp\/ua\/privacy-full\" target=\"_blank\" rel=\"noopener\">privacy policy di PayPal <\/a>.<\/p><h2>WPML Media Translation<\/h2><p>WPML Media Translation invier\u00e0 l'indirizzo e-mail e il nome di tutti i responsabili delle traduzioni e dei traduttori assegnati nonch\u00e9 i contenuti stessi all'editor avanzato di traduzione e ai servizi di traduzione utilizzati.<\/p><h2>WPML Translation Management<\/h2><p>WPML Translation Management invier\u00e0 l'indirizzo e-mail e il nome di ciascun responsabile e traduttore assegnato, nonch\u00e9 gli stessi contenuti all'editor di traduzione avanzato e ai servizi di traduzione utilizzati.<\/p><h2>WPML Multilingual &amp; Multicurrency for WooCommerce<\/h2><p>WPML Multilingual &amp; Multicurrency for WooCommerce utilizzer\u00e0 i cookie per comprendere le informazioni del carrello quando si utilizzano lingue in domini e per trasferire dati tra i domini.<\/p><p>WPML Multilingual &amp; Multicurrency for WooCommerce utilizzer\u00e0 anche i cookie per identificare la lingua e la valuta di ogni ordine del cliente, cos\u00ec come la valuta dei report creati da WooCommerce. WPML Multilingual &amp; Multicurrency for WooCommerce estende questi report aggiungendo le informazioni sulla valuta.<\/p><h2>WPML String Translation<\/h2><p>WPML String Translation invier\u00e0 tutte le stringhe all'editor di traduzione avanzato di WPML e ai servizi di traduzione utilizzati.<\/p><h2>Really Simple Security<\/h2><p>Really Simple Security e i componenti aggiuntivi di Really Simple Security non elaborano alcuna informazione personale identificabile, pertanto il GDPR non si applica a questi plugin o all'utilizzo di questi plugin sul vostro sito web. \u00c8 possibile trovare la nostra informativa sulla privacy <a href=\"https:\/\/really-simple-ssl.com\/privacy-statement\/\" target=\"_blank\" rel=\"noopener\">qui<\/a>.<\/p><h2>Complianz | The Privacy Suite for WordPress<\/h2><p>Questo sito web utilizza la Privacy Suite per WordPress di Complianz per raccogliere e registrare il consenso basato su browser e dispositivi. Per questa funzionalit\u00e0, il tuo indirizzo IP viene anonimizzato e conservato nel nostro database.&nbsp;Questo servizio non tratta alcuna informazione personale identificabile e non condivide alcun dato con il fornitore del servizio.&nbsp;Per ulteriori informazioni, vedere la <a href=\"https:\/\/complianz.io\/legal\/privacy-statement\/\" target=\"_blank\" rel=\"noopener\">Dichiarazione sulla Privacy<\/a> di Complianz.<\/p><h2>Google for WooCommerce<\/h2><p>By using this extension, you may be storing personal data or sharing data with an external service. <a href=\"https:\/\/support.google.com\/adspolicy\/answer\/54817\" target=\"_blank\" rel=\"noopener\">Learn more about what data is collected by Google and what you may want to include in your privacy policy<\/a>.<\/p><p>#privacy-settings-accordion-block-google-listings-ads .privacy-settings-accordion-actions { display: none }<\/p><h2>WooCommerce Tax<\/h2><p>By using this extension, you may be storing personal data or sharing data with external services. <a href=\"https:\/\/jetpack.com\/support\/for-your-privacy-policy\/#woocommerce-services\" target=\"_blank\" rel=\"noopener\">Learn more about how this works, including what you may want to include in your privacy policy.<\/a><\/p><\/p><\/div>\n","protected":false},"excerpt":{"rendered":"","protected":false},"author":11,"featured_media":0,"parent":0,"menu_order":0,"comment_status":"closed","ping_status":"closed","template":"","meta":{"_et_pb_use_builder":"","_et_pb_old_content":"","_et_gb_content_width":"","footnotes":""},"class_list":["post-2156","page","type-page","status-publish","hentry"],"jetpack_sharing_enabled":true,"_links":{"self":[{"href":"https:\/\/kendicaffe.com\/index.php?rest_route=\/wp\/v2\/pages\/2156","targetHints":{"allow":["GET"]}}],"collection":[{"href":"https:\/\/kendicaffe.com\/index.php?rest_route=\/wp\/v2\/pages"}],"about":[{"href":"https:\/\/kendicaffe.com\/index.php?rest_route=\/wp\/v2\/types\/page"}],"author":[{"embeddable":true,"href":"https:\/\/kendicaffe.com\/index.php?rest_route=\/wp\/v2\/users\/11"}],"replies":[{"embeddable":true,"href":"https:\/\/kendicaffe.com\/index.php?rest_route=%2Fwp%2Fv2%2Fcomments&post=2156"}],"version-history":[{"count":0,"href":"https:\/\/kendicaffe.com\/index.php?rest_route=\/wp\/v2\/pages\/2156\/revisions"}],"wp:attachment":[{"href":"https:\/\/kendicaffe.com\/index.php?rest_route=%2Fwp%2Fv2%2Fmedia&parent=2156"}],"curies":[{"name":"wp","href":"https:\/\/api.w.org\/{rel}","templated":true}]}}